{"id":144,"date":"2024-01-23T19:01:23","date_gmt":"2024-01-23T18:01:23","guid":{"rendered":"https:\/\/xn--jmvcrations-fbb.fr\/?page_id=144"},"modified":"2024-01-27T21:52:50","modified_gmt":"2024-01-27T20:52:50","slug":"jean-marc-varray","status":"publish","type":"page","link":"https:\/\/xn--jmvcrations-fbb.fr\/index.php\/jean-marc-varray\/","title":{"rendered":"Jean-Marc Varray,"},"content":{"rendered":"\n<p>De formation menuisier d\u2019agencement et \u00e9b\u00e9niste d\u2019art avec une option marqueterie a grandi dans une entreprise familiale sp\u00e9cialis\u00e9e dans le recyclage de m\u00e9taux dans laquelle il a pu ma\u00eetriser les techniques de constructions m\u00e9talliques et l\u2019apprentissage des diff\u00e9rents proc\u00e9d\u00e9s de soudage.<br>Aujourd\u2019hui, fort de son exp\u00e9rience, de son savoir-faire et de la maitrise ces deux m\u00e9tiers que sont le fer et le bois, il vous propose des cr\u00e9ations utilisant ces deux mati\u00e8res pour des projets uniques et dans les r\u00e8gles de l\u2019art. <br>Ses priorit\u00e9s sont la qualit\u00e9, l\u2019esth\u00e9tique et l\u2019innovation.<\/p>\n\n\n\n<p><\/p>\n\n\n\n<p><\/p>\n\n\n\n<figure class=\"wp-block-image size-large\"><img loading=\"lazy\" decoding=\"async\" width=\"1024\" height=\"768\" src=\"https:\/\/xn--jmvcrations-fbb.fr\/wp-content\/uploads\/2024\/01\/WhatsApp-Image-2024-01-10-a-06.56.35_d97fa4d9-1024x768.jpg\" alt=\"JMV Cr\u00e9ations Atelier de cr\u00e9ations fer et bois\" class=\"wp-image-36\" srcset=\"https:\/\/xn--jmvcrations-fbb.fr\/wp-content\/uploads\/2024\/01\/WhatsApp-Image-2024-01-10-a-06.56.35_d97fa4d9-1024x768.jpg 1024w, https:\/\/xn--jmvcrations-fbb.fr\/wp-content\/uploads\/2024\/01\/WhatsApp-Image-2024-01-10-a-06.56.35_d97fa4d9-300x225.jpg 300w, https:\/\/xn--jmvcrations-fbb.fr\/wp-content\/uploads\/2024\/01\/WhatsApp-Image-2024-01-10-a-06.56.35_d97fa4d9-768x576.jpg 768w, https:\/\/xn--jmvcrations-fbb.fr\/wp-content\/uploads\/2024\/01\/WhatsApp-Image-2024-01-10-a-06.56.35_d97fa4d9-1536x1152.jpg 1536w, https:\/\/xn--jmvcrations-fbb.fr\/wp-content\/uploads\/2024\/01\/WhatsApp-Image-2024-01-10-a-06.56.35_d97fa4d9.jpg 1600w\" sizes=\"(max-width: 767px) 89vw, (max-width: 1000px) 54vw, (max-width: 1071px) 543px, 580px\" \/><\/figure>\n","protected":false},"excerpt":{"rendered":"<p>De formation menuisier d\u2019agencement et \u00e9b\u00e9niste d\u2019art avec une option marqueterie a grandi dans une entreprise familiale sp\u00e9cialis\u00e9e dans le recyclage de m\u00e9taux dans laquelle il a pu ma\u00eetriser les techniques de constructions m\u00e9talliques et l\u2019apprentissage des diff\u00e9rents proc\u00e9d\u00e9s de soudage.Aujourd\u2019hui, fort de son exp\u00e9rience, de son savoir-faire et de la maitrise ces deux m\u00e9tiers &hellip; <\/p>\n<p class=\"link-more\"><a href=\"https:\/\/xn--jmvcrations-fbb.fr\/index.php\/jean-marc-varray\/\" class=\"more-link\">Continuer la lecture<span class=\"screen-reader-text\"> de &laquo;&nbsp;Jean-Marc Varray,&nbsp;&raquo;<\/span><\/a><\/p>\n","protected":false},"author":2,"featured_media":0,"parent":0,"menu_order":0,"comment_status":"closed","ping_status":"closed","template":"","meta":{"ngg_post_thumbnail":0,"footnotes":""},"_links":{"self":[{"href":"https:\/\/xn--jmvcrations-fbb.fr\/index.php\/wp-json\/wp\/v2\/pages\/144"}],"collection":[{"href":"https:\/\/xn--jmvcrations-fbb.fr\/index.php\/wp-json\/wp\/v2\/pages"}],"about":[{"href":"https:\/\/xn--jmvcrations-fbb.fr\/index.php\/wp-json\/wp\/v2\/types\/page"}],"author":[{"embeddable":true,"href":"https:\/\/xn--jmvcrations-fbb.fr\/index.php\/wp-json\/wp\/v2\/users\/2"}],"replies":[{"embeddable":true,"href":"https:\/\/xn--jmvcrations-fbb.fr\/index.php\/wp-json\/wp\/v2\/comments?post=144"}],"version-history":[{"count":7,"href":"https:\/\/xn--jmvcrations-fbb.fr\/index.php\/wp-json\/wp\/v2\/pages\/144\/revisions"}],"predecessor-version":[{"id":204,"href":"https:\/\/xn--jmvcrations-fbb.fr\/index.php\/wp-json\/wp\/v2\/pages\/144\/revisions\/204"}],"wp:attachment":[{"href":"https:\/\/xn--jmvcrations-fbb.fr\/index.php\/wp-json\/wp\/v2\/media?parent=144"}],"curies":[{"name":"wp","href":"https:\/\/api.w.org\/{rel}","templated":true}]}}