{"id":2,"date":"2024-01-08T21:32:36","date_gmt":"2024-01-08T20:32:36","guid":{"rendered":"http:\/\/xn--jmvcrations-fbb.fr\/?page_id=2"},"modified":"2024-08-01T19:40:55","modified_gmt":"2024-08-01T17:40:55","slug":"page-d-exemple","status":"publish","type":"page","link":"https:\/\/xn--jmvcrations-fbb.fr\/","title":{"rendered":"Pour vos r\u00e9alisations faites confiance \u00e0 un vrai artisan."},"content":{"rendered":"\n<p><\/p>\n\n\n\n<blockquote class=\"wp-block-quote is-layout-flow wp-block-quote-is-layout-flow\">\n<p>La soci\u00e9t\u00e9 <strong>JMVcr\u00e9ations<\/strong> et son dirigeant Jean-Marc VARRAY <strong>designer cr\u00e9ateur<\/strong> vous accompagne pour vos projets en fer &amp; bois.<\/p>\n\n\n\n<p>Un <strong>esprit cr\u00e9atif<\/strong> tourn\u00e9 vers une tendance contemporaine \u00e0 la recherche de <strong>nouvelles id\u00e9es<\/strong>.<\/p>\n\n\n\n<p>Aujourd\u2019hui, <strong>fort de son exp\u00e9rience<\/strong>, de son savoir-faire et de la maitrise ces deux m\u00e9tiers que sont le fer et le bois, il vous propose des cr\u00e9ations utilisant ces deux mati\u00e8res pour des projets uniques et dans les r\u00e8gles de l\u2019art. Ses priorit\u00e9s sont <strong>la qualit\u00e9, l\u2019esth\u00e9tique et l\u2019innovation<\/strong>.<\/p>\n\n\n\n<p>L\u2019entreprise implant\u00e9e sur la <strong>m\u00e9tropole de Montpellier<\/strong> intervient sur la r\u00e9gion <strong>Occitanie <\/strong>et peut en fonction des projets se d\u00e9placer.<\/p>\n\n\n\n<figure class=\"wp-block-image size-large\"><img loading=\"lazy\" decoding=\"async\" width=\"1024\" height=\"768\" src=\"https:\/\/xn--jmvcrations-fbb.fr\/wp-content\/uploads\/2024\/01\/WhatsApp-Image-2024-01-10-a-06.56.36_8f0dcff4-1024x768.jpg\" alt=\"JMV Cr\u00e9ations - Atelier de production\" class=\"wp-image-148\" srcset=\"https:\/\/xn--jmvcrations-fbb.fr\/wp-content\/uploads\/2024\/01\/WhatsApp-Image-2024-01-10-a-06.56.36_8f0dcff4-1024x768.jpg 1024w, https:\/\/xn--jmvcrations-fbb.fr\/wp-content\/uploads\/2024\/01\/WhatsApp-Image-2024-01-10-a-06.56.36_8f0dcff4-300x225.jpg 300w, https:\/\/xn--jmvcrations-fbb.fr\/wp-content\/uploads\/2024\/01\/WhatsApp-Image-2024-01-10-a-06.56.36_8f0dcff4-768x576.jpg 768w, https:\/\/xn--jmvcrations-fbb.fr\/wp-content\/uploads\/2024\/01\/WhatsApp-Image-2024-01-10-a-06.56.36_8f0dcff4-1536x1152.jpg 1536w, https:\/\/xn--jmvcrations-fbb.fr\/wp-content\/uploads\/2024\/01\/WhatsApp-Image-2024-01-10-a-06.56.36_8f0dcff4.jpg 1600w\" sizes=\"(max-width: 767px) 89vw, (max-width: 1000px) 54vw, (max-width: 1071px) 543px, 580px\" \/><\/figure>\n\n\n\n<p>Des cr\u00e9ations uniques qui embelliront votre ext\u00e9rieur comme votre int\u00e9rieur avec des <strong>exigences de qualit\u00e9<\/strong>, de solidit\u00e9 et d\u2019esth\u00e9tique.<\/p>\n\n\n\n<p>Sp\u00e9cialis\u00e9e dans les escaliers m\u00e9tal, rampe, garde-corps, portail, mobilier, terrasse, bar.<\/p>\n<\/blockquote>\n","protected":false},"excerpt":{"rendered":"","protected":false},"author":2,"featured_media":0,"parent":0,"menu_order":0,"comment_status":"closed","ping_status":"open","template":"","meta":{"ngg_post_thumbnail":0,"footnotes":""},"_links":{"self":[{"href":"https:\/\/xn--jmvcrations-fbb.fr\/index.php\/wp-json\/wp\/v2\/pages\/2"}],"collection":[{"href":"https:\/\/xn--jmvcrations-fbb.fr\/index.php\/wp-json\/wp\/v2\/pages"}],"about":[{"href":"https:\/\/xn--jmvcrations-fbb.fr\/index.php\/wp-json\/wp\/v2\/types\/page"}],"author":[{"embeddable":true,"href":"https:\/\/xn--jmvcrations-fbb.fr\/index.php\/wp-json\/wp\/v2\/users\/2"}],"replies":[{"embeddable":true,"href":"https:\/\/xn--jmvcrations-fbb.fr\/index.php\/wp-json\/wp\/v2\/comments?post=2"}],"version-history":[{"count":12,"href":"https:\/\/xn--jmvcrations-fbb.fr\/index.php\/wp-json\/wp\/v2\/pages\/2\/revisions"}],"predecessor-version":[{"id":280,"href":"https:\/\/xn--jmvcrations-fbb.fr\/index.php\/wp-json\/wp\/v2\/pages\/2\/revisions\/280"}],"wp:attachment":[{"href":"https:\/\/xn--jmvcrations-fbb.fr\/index.php\/wp-json\/wp\/v2\/media?parent=2"}],"curies":[{"name":"wp","href":"https:\/\/api.w.org\/{rel}","templated":true}]}}