{"id":30,"date":"2024-01-10T22:52:48","date_gmt":"2024-01-10T21:52:48","guid":{"rendered":"https:\/\/xn--jmvcrations-fbb.fr\/?page_id=30"},"modified":"2024-01-15T21:49:29","modified_gmt":"2024-01-15T20:49:29","slug":"mentions-legales-credits-photos","status":"publish","type":"page","link":"https:\/\/xn--jmvcrations-fbb.fr\/index.php\/mentions-legales-credits-photos\/","title":{"rendered":"Mentions l\u00e9gales &amp; Cr\u00e9dits photos"},"content":{"rendered":"\n<p><a href=\"https:\/\/www.ulm-guyane.com\/wp-admin\/post.php?post=198&amp;action=edit\">Modifier \u00ab\u00a0Mentions l\u00e9gales &amp; Cr\u00e9dits photos\u00a0\u00bb<\/a><\/p>\n\n\n\n<p><strong>L\u2019entreprise<\/strong><\/p>\n\n\n\n<p><strong>Jean Marc Varray<\/strong><br>Forme juridique : AE<br>Adresse : 53 Chemin des thermes<br>T\u00e9l : 06 37 58 69 59<br>Siren 441 959 483<\/p>\n\n\n\n<p><strong>Mentions l\u00e9gales<\/strong><\/p>\n\n\n\n<p>Directeur de publication :&nbsp; Jean Marc Varray<br>H\u00e9bergement Web : OVH France<br>Conception graphique : Marc Dabrigeon<br>Conception technique et d\u00e9veloppement : Marc Dabrigeon<\/p>\n\n\n\n<p><strong>Droits d\u2019auteur \u2013 Copyright<\/strong><\/p>\n\n\n\n<p>L\u2019ensemble de ce site rel\u00e8ve de la l\u00e9gislation fran\u00e7aise et internationale sur le droit d\u2019auteur et la propri\u00e9t\u00e9 intellectuelle. Tous les droits de reproduction sont r\u00e9serv\u00e9s, y compris les documents t\u00e9l\u00e9chargeables . La reproduction de tout ou partie de ce site sur un support \u00e9lectronique, quel qu\u2019il soit, est formellement interdite, sauf autorisation expresse du directeur de la publication. La mise en place d\u2019un lien hypertexte vers le Site Internet <a href=\"http:\/\/www.jmvcr\u00e9ations.fr\">www.jmvcr\u00e9ations.fr<\/a> n\u00e9cessite une autorisation pr\u00e9alable<\/p>\n\n\n\n<p><strong>Modification du site<\/strong><\/p>\n\n\n\n<p>L\u2019\u00e9quipe \u00e9ditoriale se r\u00e9serve le droit de modifier ou de corriger le contenu de ce site et cette mention l\u00e9gale \u00e0 tout moment et ceci sans pr\u00e9avis.<\/p>\n\n\n\n<p><strong>Exon\u00e9ration de responsabilit\u00e9<\/strong><\/p>\n\n\n\n<p>Il appartient \u00e0 l\u2019utilisateur de ce site de prendre toutes les mesures appropri\u00e9es de fa\u00e7on \u00e0 prot\u00e9ger ses propres donn\u00e9es et\/ou logiciels de contamination par d\u2019\u00e9ventuels virus circulant sur le r\u00e9seau Internet. <a href=\"http:\/\/www.jmvcr\u00e9ations.fr\">www.jmvcr\u00e9ations.fr<\/a>&nbsp; ne pourra \u00eatre tenu responsable des dommages directs ou indirects r\u00e9sultant de l\u2019usage de ce site Internet ou d\u2019autres sites qui lui sont li\u00e9s, notamment du fait de non-acc\u00e8s \u00e0 son site, de dysfonctionnements li\u00e9s au r\u00e9seau Internet, \u00e0 l\u2019h\u00e9bergeur du site ou l\u2019h\u00e9bergeur d\u2019une partie du site ou d\u2019interruption de service pour cause de maintenance ou de mise \u00e0 jour. Ce site Internet est r\u00e9gi par le droit fran\u00e7ais.<\/p>\n\n\n\n<p><strong>H\u00e9bergement<\/strong><\/p>\n\n\n\n<p><a href=\"http:\/\/www.ulm-guyane.com\/\"><a href=\"http:\/\/www.jmvcr\u00e9ations.fr\">www.jmvcr\u00e9ations.fr<\/a><\/a> est h\u00e9berg\u00e9 par :<br><strong>OVH<\/strong><br>SAS au capital de 5 000 000 \u20ac RCS Roubaix \u2013 Tourcoing 424 761 419 00045<br>Code APE 6202A \u2013 N\u00b0 TVA : FR 22 424 761 419<br>Si\u00e8ge social : 2 rue Kellermann 59100 Roubaix \u2013 France.<\/p>\n\n\n\n<p>Tel : 08 203 203 63<\/p>\n\n\n\n<p><strong>Cr\u00e9dits photos<\/strong><\/p>\n\n\n\n<ul>\n<li>Jean Marc Varray<\/li>\n<\/ul>\n\n\n\n<p><strong>les photos sont non contractuelles<\/strong><\/p>\n","protected":false},"excerpt":{"rendered":"<p>Modifier \u00ab\u00a0Mentions l\u00e9gales &amp; Cr\u00e9dits photos\u00a0\u00bb L\u2019entreprise Jean Marc VarrayForme juridique : AEAdresse : 53 Chemin des thermesT\u00e9l : 06 37 58 69 59Siren 441 959 483 Mentions l\u00e9gales Directeur de publication :&nbsp; Jean Marc VarrayH\u00e9bergement Web : OVH FranceConception graphique : Marc DabrigeonConception technique et d\u00e9veloppement : Marc Dabrigeon Droits d\u2019auteur \u2013 Copyright L\u2019ensemble &hellip; <\/p>\n<p class=\"link-more\"><a href=\"https:\/\/xn--jmvcrations-fbb.fr\/index.php\/mentions-legales-credits-photos\/\" class=\"more-link\">Continuer la lecture<span class=\"screen-reader-text\"> de &laquo;&nbsp;Mentions l\u00e9gales &amp; Cr\u00e9dits photos&nbsp;&raquo;<\/span><\/a><\/p>\n","protected":false},"author":1,"featured_media":0,"parent":0,"menu_order":0,"comment_status":"closed","ping_status":"closed","template":"","meta":{"ngg_post_thumbnail":0,"footnotes":""},"_links":{"self":[{"href":"https:\/\/xn--jmvcrations-fbb.fr\/index.php\/wp-json\/wp\/v2\/pages\/30"}],"collection":[{"href":"https:\/\/xn--jmvcrations-fbb.fr\/index.php\/wp-json\/wp\/v2\/pages"}],"about":[{"href":"https:\/\/xn--jmvcrations-fbb.fr\/index.php\/wp-json\/wp\/v2\/types\/page"}],"author":[{"embeddable":true,"href":"https:\/\/xn--jmvcrations-fbb.fr\/index.php\/wp-json\/wp\/v2\/users\/1"}],"replies":[{"embeddable":true,"href":"https:\/\/xn--jmvcrations-fbb.fr\/index.php\/wp-json\/wp\/v2\/comments?post=30"}],"version-history":[{"count":3,"href":"https:\/\/xn--jmvcrations-fbb.fr\/index.php\/wp-json\/wp\/v2\/pages\/30\/revisions"}],"predecessor-version":[{"id":123,"href":"https:\/\/xn--jmvcrations-fbb.fr\/index.php\/wp-json\/wp\/v2\/pages\/30\/revisions\/123"}],"wp:attachment":[{"href":"https:\/\/xn--jmvcrations-fbb.fr\/index.php\/wp-json\/wp\/v2\/media?parent=30"}],"curies":[{"name":"wp","href":"https:\/\/api.w.org\/{rel}","templated":true}]}}